{"id":10,"date":"2021-03-20T16:48:05","date_gmt":"2021-03-20T15:48:05","guid":{"rendered":"http:\/\/ewarycombel.pl\/?page_id=10"},"modified":"2026-03-15T09:30:36","modified_gmt":"2026-03-15T08:30:36","slug":"strona-glowna","status":"publish","type":"page","link":"https:\/\/ewarycombel.pl\/","title":{"rendered":"Strona g\u0142\u00f3wna"},"content":{"rendered":"<div id=\"pl-10\"  class=\"panel-layout\" ><div id=\"pg-10-0\"  class=\"panel-grid panel-has-style\" ><div class=\"siteorigin-panels-stretch panel-row-style panel-row-style-for-10-0\" data-stretch-type=\"full-width-stretch\" ><div id=\"pgc-10-0-0\"  class=\"panel-grid-cell\" ><div id=\"panel-10-0-0-0\" class=\"so-panel widget widget_sow-image panel-first-child panel-last-child\" data-index=\"0\" ><div\n\t\t\t\n\t\t\tclass=\"so-widget-sow-image so-widget-sow-image-default-8b5b6f678277-10\"\n\t\t\t\n\t\t>\n\n<div class=\"sow-image-container\">\n\t\t<img loading=\"lazy\" decoding=\"async\" src=\"https:\/\/ewarycombel.pl\/wp-content\/uploads\/2022\/01\/Ewa-Rycombel.png\" width=\"400\" height=\"533\" srcset=\"https:\/\/ewarycombel.pl\/wp-content\/uploads\/2022\/01\/Ewa-Rycombel.png 400w, https:\/\/ewarycombel.pl\/wp-content\/uploads\/2022\/01\/Ewa-Rycombel-225x300.png 225w\" sizes=\"auto, (max-width: 400px) 100vw, 400px\" title=\"Ewa Rycombel\" alt=\"Ewa Rycombel\" \t\tclass=\"so-widget-image\"\/>\n\t<\/div>\n\n<\/div><\/div><\/div><div id=\"pgc-10-0-1\"  class=\"panel-grid-cell\" ><div id=\"panel-10-0-1-0\" class=\"so-panel widget widget_sow-image panel-first-child\" data-index=\"1\" ><div\n\t\t\t\n\t\t\tclass=\"so-widget-sow-image so-widget-sow-image-default-c67d20f9f743-10\"\n\t\t\t\n\t\t>\n\n<div class=\"sow-image-container\">\n\t\t\t<a href=\"https:\/\/ewarycombel.pl\/index.php\/protokol-ssp\/\"\n\t\t\ttarget=\"_blank\" rel=\"noopener noreferrer\" \t\t>\n\t\t\t<img loading=\"lazy\" decoding=\"async\" src=\"https:\/\/ewarycombel.pl\/wp-content\/uploads\/2021\/03\/Safe-Sound-Prortocol-prof.-S.-Porges-e1616257936847.png\" width=\"1080\" height=\"294\" srcset=\"https:\/\/ewarycombel.pl\/wp-content\/uploads\/2021\/03\/Safe-Sound-Prortocol-prof.-S.-Porges-e1616257936847.png 1080w, https:\/\/ewarycombel.pl\/wp-content\/uploads\/2021\/03\/Safe-Sound-Prortocol-prof.-S.-Porges-e1616257936847-300x82.png 300w, https:\/\/ewarycombel.pl\/wp-content\/uploads\/2021\/03\/Safe-Sound-Prortocol-prof.-S.-Porges-e1616257936847-1024x279.png 1024w, https:\/\/ewarycombel.pl\/wp-content\/uploads\/2021\/03\/Safe-Sound-Prortocol-prof.-S.-Porges-e1616257936847-768x209.png 768w\" sizes=\"auto, (max-width: 1080px) 100vw, 1080px\" title=\"Safe &#038; Sound Prortocol prof. S. Porges\" alt=\"\" \t\tclass=\"so-widget-image\"\/>\n\t<\/a><\/div>\n\n<\/div><\/div><div id=\"panel-10-0-1-1\" class=\"so-panel widget widget_sow-image\" data-index=\"2\" ><div\n\t\t\t\n\t\t\tclass=\"so-widget-sow-image so-widget-sow-image-default-c67d20f9f743-10\"\n\t\t\t\n\t\t>\n\n<div class=\"sow-image-container\">\n\t\t\t<a href=\"https:\/\/ewarycombel.pl\/index.php\/vital-links\/\"\n\t\t\t\t\t>\n\t\t\t<img loading=\"lazy\" decoding=\"async\" src=\"https:\/\/ewarycombel.pl\/wp-content\/uploads\/2025\/01\/Therapeutic-Listening.png\" width=\"1080\" height=\"300\" srcset=\"https:\/\/ewarycombel.pl\/wp-content\/uploads\/2025\/01\/Therapeutic-Listening.png 1080w, https:\/\/ewarycombel.pl\/wp-content\/uploads\/2025\/01\/Therapeutic-Listening-300x83.png 300w, https:\/\/ewarycombel.pl\/wp-content\/uploads\/2025\/01\/Therapeutic-Listening-1024x284.png 1024w, https:\/\/ewarycombel.pl\/wp-content\/uploads\/2025\/01\/Therapeutic-Listening-768x213.png 768w\" sizes=\"auto, (max-width: 1080px) 100vw, 1080px\" title=\"Therapeutic Listening\" alt=\"\" \t\tclass=\"so-widget-image\"\/>\n\t<\/a><\/div>\n\n<\/div><\/div><div id=\"panel-10-0-1-2\" class=\"so-panel widget widget_sow-image panel-last-child\" data-index=\"3\" ><div\n\t\t\t\n\t\t\tclass=\"so-widget-sow-image so-widget-sow-image-default-c67d20f9f743-10\"\n\t\t\t\n\t\t>\n\n<div class=\"sow-image-container\">\n\t\t\t<a href=\"https:\/\/ewarycombel.pl\/index.php\/trening-sas\/\"\n\t\t\t\t\t>\n\t\t\t<img loading=\"lazy\" decoding=\"async\" src=\"https:\/\/ewarycombel.pl\/wp-content\/uploads\/2025\/01\/Therapeutic-Listening-2.png\" width=\"1080\" height=\"300\" srcset=\"https:\/\/ewarycombel.pl\/wp-content\/uploads\/2025\/01\/Therapeutic-Listening-2.png 1080w, https:\/\/ewarycombel.pl\/wp-content\/uploads\/2025\/01\/Therapeutic-Listening-2-300x83.png 300w, https:\/\/ewarycombel.pl\/wp-content\/uploads\/2025\/01\/Therapeutic-Listening-2-1024x284.png 1024w, https:\/\/ewarycombel.pl\/wp-content\/uploads\/2025\/01\/Therapeutic-Listening-2-768x213.png 768w\" sizes=\"auto, (max-width: 1080px) 100vw, 1080px\" title=\"Therapeutic Listening (2)\" alt=\"\" \t\tclass=\"so-widget-image\"\/>\n\t<\/a><\/div>\n\n<\/div><\/div><\/div><div id=\"pgc-10-0-2\"  class=\"panel-grid-cell\" ><div id=\"panel-10-0-2-0\" class=\"so-panel widget widget_sow-image panel-first-child\" data-index=\"4\" ><div\n\t\t\t\n\t\t\tclass=\"so-widget-sow-image so-widget-sow-image-default-c67d20f9f743-10\"\n\t\t\t\n\t\t>\n\n<div class=\"sow-image-container\">\n\t\t\t<a href=\"https:\/\/ewarycombel.pl\/index.php\/przetwarzanie-sluchowe\/\"\n\t\t\t\t\t>\n\t\t\t<img loading=\"lazy\" decoding=\"async\" src=\"https:\/\/ewarycombel.pl\/wp-content\/uploads\/2021\/03\/neuroflow.png\" width=\"300\" height=\"96\" sizes=\"auto, (max-width: 300px) 100vw, 300px\" alt=\"\" \t\tclass=\"so-widget-image\"\/>\n\t<\/a><\/div>\n\n<\/div><\/div><div id=\"panel-10-0-2-1\" class=\"so-panel widget widget_sow-image\" data-index=\"5\" ><div\n\t\t\t\n\t\t\tclass=\"so-widget-sow-image so-widget-sow-image-default-c67d20f9f743-10\"\n\t\t\t\n\t\t>\n\n<div class=\"sow-image-container\">\n\t\t\t<a href=\"https:\/\/ewarycombel.pl\/index.php\/integracja-bilateralna\/\"\n\t\t\t\t\t>\n\t\t\t<img loading=\"lazy\" decoding=\"async\" src=\"https:\/\/ewarycombel.pl\/wp-content\/uploads\/2021\/03\/Safe-Sound-Prortocol-prof.-S.-Porges-3-e1616260305941.png\" width=\"1080\" height=\"294\" srcset=\"https:\/\/ewarycombel.pl\/wp-content\/uploads\/2021\/03\/Safe-Sound-Prortocol-prof.-S.-Porges-3-e1616260305941.png 1080w, https:\/\/ewarycombel.pl\/wp-content\/uploads\/2021\/03\/Safe-Sound-Prortocol-prof.-S.-Porges-3-e1616260305941-300x82.png 300w, https:\/\/ewarycombel.pl\/wp-content\/uploads\/2021\/03\/Safe-Sound-Prortocol-prof.-S.-Porges-3-e1616260305941-1024x279.png 1024w, https:\/\/ewarycombel.pl\/wp-content\/uploads\/2021\/03\/Safe-Sound-Prortocol-prof.-S.-Porges-3-e1616260305941-768x209.png 768w\" sizes=\"auto, (max-width: 1080px) 100vw, 1080px\" title=\"Safe &#038; Sound Prortocol prof. S. Porges (3)\" alt=\"\" \t\tclass=\"so-widget-image\"\/>\n\t<\/a><\/div>\n\n<\/div><\/div><div id=\"panel-10-0-2-2\" class=\"so-panel widget widget_sow-image panel-last-child\" data-index=\"6\" ><div\n\t\t\t\n\t\t\tclass=\"so-widget-sow-image so-widget-sow-image-default-c67d20f9f743-10\"\n\t\t\t\n\t\t>\n\n<div class=\"sow-image-container\">\n\t\t\t<a href=\"https:\/\/ewarycombel.pl\/index.php\/o-mnie\/\"\n\t\t\t\t\t>\n\t\t\t<img loading=\"lazy\" decoding=\"async\" src=\"https:\/\/ewarycombel.pl\/wp-content\/uploads\/2021\/03\/Safe-Sound-Prortocol-prof.-S.-Porges-1-e1616258622825.png\" width=\"1080\" height=\"294\" srcset=\"https:\/\/ewarycombel.pl\/wp-content\/uploads\/2021\/03\/Safe-Sound-Prortocol-prof.-S.-Porges-1-e1616258622825.png 1080w, https:\/\/ewarycombel.pl\/wp-content\/uploads\/2021\/03\/Safe-Sound-Prortocol-prof.-S.-Porges-1-e1616258622825-300x82.png 300w, https:\/\/ewarycombel.pl\/wp-content\/uploads\/2021\/03\/Safe-Sound-Prortocol-prof.-S.-Porges-1-e1616258622825-1024x279.png 1024w, https:\/\/ewarycombel.pl\/wp-content\/uploads\/2021\/03\/Safe-Sound-Prortocol-prof.-S.-Porges-1-e1616258622825-768x209.png 768w\" sizes=\"auto, (max-width: 1080px) 100vw, 1080px\" title=\"Safe &#038; Sound Prortocol prof. S. Porges (1)\" alt=\"\" \t\tclass=\"so-widget-image\"\/>\n\t<\/a><\/div>\n\n<\/div><\/div><\/div><\/div><\/div><div id=\"pg-10-1\"  class=\"panel-grid panel-has-style\" ><div class=\"siteorigin-panels-stretch panel-row-style panel-row-style-for-10-1\" data-stretch-type=\"full-width-stretch\" ><div id=\"pgc-10-1-0\"  class=\"panel-grid-cell\" ><div id=\"panel-10-1-0-0\" class=\"so-panel widget widget_sow-editor panel-first-child panel-last-child\" data-index=\"7\" ><div\n\t\t\t\n\t\t\tclass=\"so-widget-sow-editor so-widget-sow-editor-base\"\n\t\t\t\n\t\t>\n<div class=\"siteorigin-widget-tinymce textwidget\">\n\t<h3 style=\"text-align: center;\"><span style=\"color: #ffffff;\"><strong>Zapisz si\u0119 na diagnoz\u0119 zaburze\u0144 przetwarzania s\u0142uchowego w poni\u017cszych plac\u00f3wkach<\/strong><\/span><\/h3>\n<\/div>\n<\/div><\/div><\/div><\/div><\/div><div id=\"pg-10-2\"  class=\"panel-grid panel-no-style\" ><div id=\"pgc-10-2-0\"  class=\"panel-grid-cell\" ><div id=\"panel-10-2-0-0\" class=\"so-panel widget widget_sow-editor panel-first-child panel-last-child\" data-index=\"8\" ><div\n\t\t\t\n\t\t\tclass=\"so-widget-sow-editor so-widget-sow-editor-base\"\n\t\t\t\n\t\t>\n<div class=\"siteorigin-widget-tinymce textwidget\">\n\t<p><a href=\"https:\/\/formmed.com.pl\/mgr-ewa-rycombel\/\"><img loading=\"lazy\" decoding=\"async\" class=\"alignnone size-medium wp-image-171 aligncenter\" src=\"https:\/\/ewarycombel.pl\/wp-content\/uploads\/2025\/01\/forrmmed-logo-300x111.png\" alt=\"\" width=\"300\" height=\"111\" srcset=\"https:\/\/ewarycombel.pl\/wp-content\/uploads\/2025\/01\/forrmmed-logo-300x111.png 300w, https:\/\/ewarycombel.pl\/wp-content\/uploads\/2025\/01\/forrmmed-logo.png 358w\" sizes=\"auto, (max-width: 300px) 100vw, 300px\" \/><\/a><\/p>\n<p style=\"text-align: center;\">\n<\/div>\n<\/div><\/div><\/div><div id=\"pgc-10-2-1\"  class=\"panel-grid-cell\" ><div id=\"panel-10-2-1-0\" class=\"so-panel widget widget_sow-editor panel-first-child panel-last-child\" data-index=\"9\" ><div\n\t\t\t\n\t\t\tclass=\"so-widget-sow-editor so-widget-sow-editor-base\"\n\t\t\t\n\t\t>\n<div class=\"siteorigin-widget-tinymce textwidget\">\n\t<p><a href=\"https:\/\/www.oazageniusza.pl\/kontakt\/\"><img loading=\"lazy\" decoding=\"async\" class=\"wp-image-210 size-thumbnail aligncenter\" src=\"https:\/\/ewarycombel.pl\/wp-content\/uploads\/2025\/09\/logooaza-150x150.jpg\" alt=\"\" width=\"150\" height=\"150\" srcset=\"https:\/\/ewarycombel.pl\/wp-content\/uploads\/2025\/09\/logooaza-150x150.jpg 150w, https:\/\/ewarycombel.pl\/wp-content\/uploads\/2025\/09\/logooaza.jpg 225w\" sizes=\"auto, (max-width: 150px) 100vw, 150px\" \/><\/a><\/p>\n<p style=\"text-align: center;\">\n<\/div>\n<\/div><\/div><\/div><div id=\"pgc-10-2-2\"  class=\"panel-grid-cell\" ><div id=\"panel-10-2-2-0\" class=\"so-panel widget widget_sow-editor panel-first-child panel-last-child\" data-index=\"10\" ><div\n\t\t\t\n\t\t\tclass=\"so-widget-sow-editor so-widget-sow-editor-base\"\n\t\t\t\n\t\t>\n<div class=\"siteorigin-widget-tinymce textwidget\">\n\t<p><a href=\"https:\/\/www.amilaut.pl\/kontakt\/\"><img loading=\"lazy\" decoding=\"async\" class=\"aligncenter wp-image-170 size-thumbnail\" src=\"https:\/\/ewarycombel.pl\/wp-content\/uploads\/2025\/01\/amilaut-150x150.webp\" alt=\"\" width=\"150\" height=\"150\" \/><\/a><\/p>\n<\/div>\n<\/div><\/div><\/div><div id=\"pgc-10-2-3\"  class=\"panel-grid-cell\" ><div id=\"panel-10-2-3-0\" class=\"so-panel widget widget_sow-editor panel-first-child panel-last-child\" data-index=\"11\" ><div\n\t\t\t\n\t\t\tclass=\"so-widget-sow-editor so-widget-sow-editor-base\"\n\t\t\t\n\t\t>\n<div class=\"siteorigin-widget-tinymce textwidget\">\n\t<p style=\"text-align: center;\"><a href=\"https:\/\/nobilismed.pl\/kontakt\/\"><img loading=\"lazy\" decoding=\"async\" class=\"alignnone size-full wp-image-221\" src=\"https:\/\/ewarycombel.pl\/wp-content\/uploads\/2026\/03\/LOGO-Nobilis_JPGcopy-1.jpg\" alt=\"\" width=\"1831\" height=\"650\" srcset=\"https:\/\/ewarycombel.pl\/wp-content\/uploads\/2026\/03\/LOGO-Nobilis_JPGcopy-1.jpg 1831w, https:\/\/ewarycombel.pl\/wp-content\/uploads\/2026\/03\/LOGO-Nobilis_JPGcopy-1-300x106.jpg 300w, https:\/\/ewarycombel.pl\/wp-content\/uploads\/2026\/03\/LOGO-Nobilis_JPGcopy-1-1024x364.jpg 1024w, https:\/\/ewarycombel.pl\/wp-content\/uploads\/2026\/03\/LOGO-Nobilis_JPGcopy-1-768x273.jpg 768w, https:\/\/ewarycombel.pl\/wp-content\/uploads\/2026\/03\/LOGO-Nobilis_JPGcopy-1-1536x545.jpg 1536w\" sizes=\"auto, (max-width: 1831px) 100vw, 1831px\" \/><\/a><\/p>\n<\/div>\n<\/div><\/div><\/div><\/div><div id=\"pg-10-3\"  class=\"panel-grid panel-no-style\" ><div id=\"pgc-10-3-0\"  class=\"panel-grid-cell\" ><div id=\"panel-10-3-0-0\" class=\"so-panel widget widget_sow-editor panel-first-child panel-last-child\" data-index=\"12\" ><div\n\t\t\t\n\t\t\tclass=\"so-widget-sow-editor so-widget-sow-editor-base\"\n\t\t\t\n\t\t>\n<div class=\"siteorigin-widget-tinymce textwidget\">\n\t<p style=\"text-align: center;\">Babice Nowe<\/p>\n<p style=\"text-align: center;\">\n<\/div>\n<\/div><\/div><\/div><div id=\"pgc-10-3-1\"  class=\"panel-grid-cell\" ><div id=\"panel-10-3-1-0\" class=\"so-panel widget widget_sow-editor panel-first-child panel-last-child\" data-index=\"13\" ><div\n\t\t\t\n\t\t\tclass=\"so-widget-sow-editor so-widget-sow-editor-base\"\n\t\t\t\n\t\t>\n<div class=\"siteorigin-widget-tinymce textwidget\">\n\t<p style=\"text-align: center;\">\u0141ady<\/p>\n<p style=\"text-align: center;\">\n<\/div>\n<\/div><\/div><\/div><div id=\"pgc-10-3-2\"  class=\"panel-grid-cell\" ><div id=\"panel-10-3-2-0\" class=\"so-panel widget widget_sow-editor panel-first-child panel-last-child\" data-index=\"14\" ><div\n\t\t\t\n\t\t\tclass=\"so-widget-sow-editor so-widget-sow-editor-base\"\n\t\t\t\n\t\t>\n<div class=\"siteorigin-widget-tinymce textwidget\">\n\t<p style=\"text-align: center;\">Warszawa<\/p>\n<\/div>\n<\/div><\/div><\/div><div id=\"pgc-10-3-3\"  class=\"panel-grid-cell\" ><div id=\"panel-10-3-3-0\" class=\"so-panel widget widget_sow-editor panel-first-child panel-last-child\" data-index=\"15\" ><div\n\t\t\t\n\t\t\tclass=\"so-widget-sow-editor so-widget-sow-editor-base\"\n\t\t\t\n\t\t>\n<div class=\"siteorigin-widget-tinymce textwidget\">\n\t<p style=\"text-align: center;\">Warszawa<\/p>\n<\/div>\n<\/div><\/div><\/div><\/div><div id=\"pg-10-4\"  class=\"panel-grid panel-no-style\" ><div id=\"pgc-10-4-0\"  class=\"panel-grid-cell\" ><div id=\"panel-10-4-0-0\" class=\"so-panel widget widget_sow-editor panel-first-child panel-last-child\" data-index=\"16\" ><div\n\t\t\t\n\t\t\tclass=\"so-widget-sow-editor so-widget-sow-editor-base\"\n\t\t\t\n\t\t>\n<div class=\"siteorigin-widget-tinymce textwidget\">\n\t<p><a href=\"https:\/\/ewarycombel.pl\/index.php\/polityka-prywatnosci-i-plikow-cookies\/\">Poliktyka prywatno\u015bci i cookies<\/a><\/p>\n<\/div>\n<\/div><\/div><\/div><\/div><\/div>","protected":false},"excerpt":{"rendered":"<p>Zapisz si\u0119 na diagnoz\u0119 zaburze\u0144 przetwarzania s\u0142uchowego w poni\u017cszych plac\u00f3wkach<\/p>\n","protected":false},"author":1,"featured_media":0,"parent":0,"menu_order":0,"comment_status":"closed","ping_status":"closed","template":"","meta":{"footnotes":""},"class_list":["post-10","page","type-page","status-publish","hentry"],"_links":{"self":[{"href":"https:\/\/ewarycombel.pl\/index.php\/wp-json\/wp\/v2\/pages\/10","targetHints":{"allow":["GET"]}}],"collection":[{"href":"https:\/\/ewarycombel.pl\/index.php\/wp-json\/wp\/v2\/pages"}],"about":[{"href":"https:\/\/ewarycombel.pl\/index.php\/wp-json\/wp\/v2\/types\/page"}],"author":[{"embeddable":true,"href":"https:\/\/ewarycombel.pl\/index.php\/wp-json\/wp\/v2\/users\/1"}],"replies":[{"embeddable":true,"href":"https:\/\/ewarycombel.pl\/index.php\/wp-json\/wp\/v2\/comments?post=10"}],"version-history":[{"count":70,"href":"https:\/\/ewarycombel.pl\/index.php\/wp-json\/wp\/v2\/pages\/10\/revisions"}],"predecessor-version":[{"id":223,"href":"https:\/\/ewarycombel.pl\/index.php\/wp-json\/wp\/v2\/pages\/10\/revisions\/223"}],"wp:attachment":[{"href":"https:\/\/ewarycombel.pl\/index.php\/wp-json\/wp\/v2\/media?parent=10"}],"curies":[{"name":"wp","href":"https:\/\/api.w.org\/{rel}","templated":true}]}}