{"id":158,"date":"2024-01-26T09:28:12","date_gmt":"2024-01-26T08:28:12","guid":{"rendered":"https:\/\/ewarycombel.pl\/?page_id=158"},"modified":"2024-01-26T09:32:39","modified_gmt":"2024-01-26T08:32:39","slug":"polityka-prywatnosci-i-plikow-cookies","status":"publish","type":"page","link":"https:\/\/ewarycombel.pl\/index.php\/polityka-prywatnosci-i-plikow-cookies\/","title":{"rendered":"Polityka prywatno\u015bci i plik\u00f3w cookies"},"content":{"rendered":"<div id=\"pl-158\"  class=\"panel-layout\" ><div id=\"pg-158-0\"  class=\"panel-grid panel-no-style\" ><div id=\"pgc-158-0-0\"  class=\"panel-grid-cell\" ><div id=\"panel-158-0-0-0\" class=\"so-panel widget widget_sow-editor panel-first-child panel-last-child\" data-index=\"0\" ><div\n\t\t\t\n\t\t\tclass=\"so-widget-sow-editor so-widget-sow-editor-base\"\n\t\t\t\n\t\t>\n<div class=\"siteorigin-widget-tinymce textwidget\">\n\t<h3>Os\u0301wiadczenie o plikach cookies<\/h3>\n<p>Alina Rycombel, b\u0119d\u0105ca administratorem Pa\u0144stwa danych osobowych pragnie wykazywa\u0107 si\u0119 otwarto\u015bci\u0105 i przejrzysto\u015bci\u0105 co do sposobu, w jaki u\u017cywa plik\u00f3w cookies i tego, co to dla Pa\u0144stwa oznacza. Niekt\u00f3re u\u017cywane przez nas pliki cookies s\u0105 niezb\u0119dne do funkcjonowania naszej strony internetowej, ale s\u0105 te\u017c pliki cookies, z kt\u00f3rych mog\u0105 Pa\u0144stwo zrezygnowa\u0107 albo je zablokowa\u0107. Wi\u0119cej szczeg\u00f3\u0142\u00f3w poni\u017cej w dziale \u201eDlaczego u\u017cywamy plik\u00f3w cookies?\u201d.<\/p>\n<p>Staramy si\u0119 Pa\u0144stwu udzieli\u0107 wystarczaj\u0105cych informacji na temat u\u017cywanych przez nas plik\u00f3w cookies, aby umo\u017cliwi\u0107 Pa\u0144stwu dokonanie \u015bwiadomego wyboru informacji, kt\u00f3rych chc\u0105 nam Pa\u0144stwo udzieli\u0107.<\/p>\n<p>W razie dalszych pyta\u0144 lub uwag, prosimy o kontakt pod adresem: alinjellyfish@gmail.com<span id=\"cloakd82d0da81207d4f8ba387e4668ed38aa\"><\/span><\/p>\n<h3>Czym s\u0105 pliki cookies?<\/h3>\n<p>Plik cookie to niewielki plik zachowany na Pa\u0144stwa komputerze lub urz\u0105dzeniu mobilnym. Posiada on unikalny identyfikator przypisany do Pa\u0144stwa urz\u0105dzenia i umo\u017cliwia stronie internetowej zapami\u0119tywanie Pa\u0144stwa dzia\u0142a\u0144 i preferencji (takich jak lokalizacja, j\u0119zyk, rozmiar czcionki oraz inne preferencje co do wy\u015bwietlania) w czasie. W ten spos\u00f3b nie musz\u0105 Pa\u0144stwo ponownie wpisywa\u0107 informacji za ka\u017cdym razem, gdy wracaj\u0105 na stron\u0119 internetow\u0105 lub przegl\u0105daj\u0105 stron\u0119 po stronie. Pliki cookies mog\u0105 tak\u017ce pom\u00f3c dostosowa\u0107 proces przegl\u0105dania przez Pa\u0144stwa stron.<\/p>\n<p>Nie wszystkie pliki cookies zawieraj\u0105 informacje osobowe, ale je\u015bli je zawieraj\u0105, b\u0119dziemy traktowa\u0107 te informacje jako dane osobowe zgodnie z nasz\u0105 Polityk\u0105 prywatno\u015bci. Informacje zawarte w plikach cookies traktujemy r\u00f3wnie\u017c jako dane osobowe, gdy s\u0105 powi\u0105zane z Pa\u0144stwa kontem lub innymi danymi kontaktowymi. Administratorem tych danych jest Alina Rycombel.<\/p>\n<h3>Rodzaje plik\u00f3w cookies<\/h3>\n<p>Istniej\u0105 dwie og\u00f3lne kategorie plik\u00f3w cookies: trwa\u0142e i sesyjne. Trwa\u0142e pliki cookies pozostaj\u0105 na Pa\u0144stwa urz\u0105dzeniu, dop\u00f3ki nie zostan\u0105 usuni\u0119te r\u0119cznie albo automatycznie. Sesyjne pliki cookies pozostaj\u0105 na Pa\u0144stwa urz\u0105dzeniu, dop\u00f3ki nie zamkn\u0105 Pa\u0144stwo swej przegl\u0105darki, kiedy to s\u0105 automatycznie usuwane.<\/p>\n<p>&nbsp;<\/p>\n<h3>Dlaczego u\u017cywamy plik\u00f3w cookies?<\/h3>\n<p>M\u00f3wi\u0105c w spos\u00f3b og\u00f3lny, mo\u017cemy u\u017cywa\u0107 plik\u00f3w cookies z kilku powod\u00f3w:<\/p>\n<ol>\n<li>niezb\u0119dne pliki cookies, kt\u00f3re s\u0105 niezb\u0119dne, aby strona internetowa dzia\u0142a\u0142a i aby umo\u017cliwi\u0107 Pa\u0144stwu korzystanie ze \u015bwiadczonych przez nas us\u0142ug;<\/li>\n<li>pliki cookies analityczne, kt\u00f3re zbieraj\u0105 dane na temat korzystania z naszej strony internetowej i jej dzia\u0142ania. Wykorzystujemy te informacje, aby ulepsza\u0107 nasze produkty i us\u0142ugi internetowe;<\/li>\n<li>pliki cookies personalizuj\u0105ce, kt\u00f3rych u\u017cywamy, aby spersonalizowa\u0107 i zoptymalizowa\u0107 Pa\u0144stwa korzystanie z naszej strony internetowej. Pliki te gromadz\u0105 informacje na temat dokonywanych przez Pa\u0144stwa wybor\u00f3w dotycz\u0105cych np. wielko\u015bci tekstu, j\u0119zyka oraz rozdzielczo\u015bci ekranu;<\/li>\n<li>pliki cookies targetuj\u0105ce, kt\u00f3re s\u0105 zamieszczane przez osoby trzecie w celu \u015bwiadczenia dodatkowych us\u0142ug (np. pliki cookies medi\u00f3w spo\u0142eczno\u015bciowych) lub w celach reklamowych.<\/li>\n<\/ol>\n<p>Poni\u017cej znajd\u0105 Pa\u0144stwo dalsze informacje na temat rodzaj\u00f3w u\u017cywanych przez nas plik\u00f3w cookies.<\/p>\n<p>&nbsp;<\/p>\n<h3>Niezb\u0119dne pliki cookies:<\/h3>\n<p>S\u0105 nam potrzebne, aby oferowa\u0107 Pa\u0144stwu w\u0142a\u015bciwie dzia\u0142aj\u0105c\u0105 stron\u0119 internetow\u0105, kt\u00f3ra umo\u017cliwia Pa\u0144stwu korzystanie ze \u015bwiadczonych przez nas us\u0142ug. Je\u015bli te pliki zostan\u0105 zablokowane, nie b\u0119d\u0105 Pa\u0144stwo mogli korzysta\u0107 z naszej strony internetowej.<\/p>\n<p>&nbsp;<\/p>\n<h3>Lista niezb\u0119dnych plik\u00f3w cookies<\/h3>\n<p>&nbsp;<\/p>\n<table>\n<tbody>\n<tr>\n<td><b>Cel<\/b><\/td>\n<td><b>Rodzaj zbieranych danych<\/b><\/td>\n<td><b>Nazwa plik\u00f3w cookie<\/b><\/td>\n<td><b>Jak d\u0142ugo przechowywany jest plik cookie?<\/b><\/td>\n<\/tr>\n<tr>\n<td>Ustawienia prywatno\u015bci<\/td>\n<td>Dane dotycz\u0105ce wyboru ustawie\u0144 prywatno\u015bci<\/td>\n<td>EUCookiesConsent<\/td>\n<td>12 miesi\u0119cy<\/td>\n<\/tr>\n<tr>\n<td>Monitorowanie sesji (plik sesyjny)<\/td>\n<td>Brak zbieranych danych<\/td>\n<td>[losowy ci\u0105g znak\u00f3w]<\/td>\n<td>30 minut lub do zamkni\u0119cia przegl\u0105darki<\/td>\n<\/tr>\n<\/tbody>\n<\/table>\n<p>&nbsp;<\/p>\n<h3>Pliki cookies analityczne i zwi\u0105zane z wydajno\u015bci\u0105:<\/h3>\n<p>Pliki te pomagaj\u0105 nam mierzy\u0107 nat\u0119\u017cenie ruchu, aby ustali\u0107, kt\u00f3re obszary naszej strony internetowej by\u0142y odwiedzane. Wykorzystujemy to, aby bada\u0107 zwyczaje os\u00f3b odwiedzaj\u0105cych w celu udoskonalania naszych produkt\u00f3w i us\u0142ug internetowych. Mo\u017cemy rejestrowa\u0107 adresy IP (czyli adresy elektroniczne komputer\u00f3w pod\u0142\u0105czonych do Internetu), aby analizowa\u0107 trendy, administrowa\u0107 stron\u0105 internetow\u0105, \u015bledzi\u0107 ruchy u\u017cytkownik\u00f3w oraz gromadzi\u0107 og\u00f3lne informacje demograficzne.<\/p>\n<p>Pliki te nie s\u0105 niezb\u0119dne do korzystania ze strony internetowej i zawsze b\u0119dziemy prosi\u0107 o Pa\u0144stwa zgod\u0119 przed ich umieszczeniem. Mog\u0105 Pa\u0144stwo wycofa\u0107 sw\u0105 zgod\u0119 w ka\u017cdej chwili. Dalsze informacje - patrz do \u201ePa\u0144stwa preferencje\u201d poni\u017cej.<\/p>\n<p>&nbsp;<\/p>\n<h3>Lista plik\u00f3w cookies analitycznych i zwi\u0105zancy z wydajno\u015bci\u0105<\/h3>\n<p>&nbsp;<\/p>\n<table>\n<tbody>\n<tr>\n<td><b>Cel<\/b><\/td>\n<td><b>Rodzaj zbieranych danych<\/b><\/td>\n<td><b>Nazwa plik\u00f3w cookie<\/b><\/td>\n<td><b>Jak d\u0142ugo przechowywany jest plik cookie?<\/b><\/td>\n<\/tr>\n<tr>\n<td>Rozr\u00f3\u017cnianie u\u017cytkownik\u00f3w<\/td>\n<td>Czas sp\u0119dzony na stronie internetowej, adres IP, dane demograficzne, geograficzne i sprz\u0119towe<\/td>\n<td>_ga<\/td>\n<td>2 lata<\/td>\n<\/tr>\n<tr>\n<td>Rozr\u00f3\u017cnianie u\u017cytkownik\u00f3w i ich sesji<\/td>\n<td>Strony odsy\u0142aj\u0105ce, historia przegl\u0105dania stron<\/td>\n<td>_gid<\/td>\n<td>24 godziny lub do zamkni\u0119cia przegl\u0105darki<\/td>\n<\/tr>\n<tr>\n<td>U\u017cywana do zarz\u0105dzania op\u00f3\u017anieniami w przesyle danych<\/td>\n<td>Brak zbieranych danych<\/td>\n<td>_gat_gtag_15532786_30<\/td>\n<td>1 minuta lub do zamkni\u0119cia przegl\u0105darki<\/td>\n<\/tr>\n<\/tbody>\n<\/table>\n<p>&nbsp;<\/p>\n<h3>Pliki cookies do personalizacji:<\/h3>\n<p>Pliki te umo\u017cliwiaj\u0105 nam rozpoznawanie Pa\u0144stwa komputera i witanie Pa\u0144stwa przy ka\u017cdej wizycie na naszej stronie internetowej bez konieczno\u015bci rejestracji lub logowania.<\/p>\n<p>&nbsp;<\/p>\n<p>Pliki te nie s\u0105 niezb\u0119dne do korzystania ze strony internetowej, lecz u\u0142atwiaj\u0105 korzystanie z niej. Zawsze b\u0119dziemy prosi\u0107 o Pa\u0144stwa zgod\u0119 przed ich umieszczeniem. Mog\u0105 Pa\u0144stwo wycofa\u0107 sw\u0105 zgod\u0119 w ka\u017cdej chwili. Dalsze informacje - patrz w punkcie \u201ePa\u0144stwa preferencje\u201d poni\u017cej.<\/p>\n<p>W chwili obecnej na stronie nutribank.pl nie funkcjonuj\u0105 pliki cookies s\u0142u\u017c\u0105ce do personalizacji.<\/p>\n<p>&nbsp;<\/p>\n<h3>Pliki cookies os\u00f3b trzecich:<\/h3>\n<p>S\u0105 to pliki umieszczane na naszej stronie internetowej przez osoby trzecie w naszym imieniu. Pliki te umo\u017cliwiaj\u0105 nam generowanie spersonalizowanych reklam na innych stronach internetowych w oparciu o informacje na Pa\u0144stwa temat np. podstrony przegl\u0105dane przez Pa\u0144stwa na naszej stronie internetowej. Nasze strony internetowe mog\u0105 r\u00f3wnie\u017c umieszcza\u0107 pliki cookies dla us\u0142ug os\u00f3b trzecich takich jak media spo\u0142eczno\u015bciowe (Udost\u0119pnienie na Facebook, Instagram, Youtube).<\/p>\n<p>Nie podajemy osobom trzecim umieszczaj\u0105cym pliki cookies na naszej stronie internetowej \u017cadnych danych osobowych. Osoby trzecie mog\u0105 jednak zak\u0142ada\u0107, \u017ce u\u017cytkownicy wchodz\u0105cy w interakcj\u0119 ze spersonalizowan\u0105 reklam\u0105 lub tre\u015bci\u0105 wy\u015bwietlan\u0105 na naszej stronie internetowej lub w ni\u0105 klikaj\u0105cy nale\u017c\u0105 do grupy, do kt\u00f3rej reklama ta lub tre\u015b\u0107 jest kierowana. Nie mamy dost\u0119pu do plik\u00f3w cookies lub innych element\u00f3w u\u017cywanych przez reklamodawc\u00f3w i witryny internetowe os\u00f3b trzecich i nie mamy nad nimi kontroli. Praktyki informacyjne tych os\u00f3b trzecich nie s\u0105 obj\u0119te nasz\u0105 Polityk\u0105 Prywatno\u015bci ani O\u015bwiadczeniem o plikach cookies. W celu uzyskania dalszych informacji na temat ich praktyk w zakresie ochrony danych prosimy kontaktowa\u0107 si\u0119 z nimi bezpo\u015brednio.<\/p>\n<p>Pliki te nie s\u0105 niezb\u0119dne do korzystania ze strony internetowej i zawsze b\u0119dziemy prosi\u0107 o Pa\u0144stwa zgod\u0119 przed ich umieszczeniem. Mog\u0105 Pa\u0144stwo wycofa\u0107 sw\u0105 zgod\u0119 w ka\u017cdej chwili. Dalsze informacje - patrz \u201ePa\u0144stwa preferencje\u201d poni\u017cej.<\/p>\n<p>W chwili obecnej na stronie ewarycombel.pl nie funkcjonuj\u0105 pliki cookies os\u00f3b trzecich.<\/p>\n<p>&nbsp;<\/p>\n<h3>Pa\u0144stwa preferencje:<\/h3>\n<p>Mo\u017cliwe jest ograniczenie lub zablokowanie plik\u00f3w cookies, a nawet usuni\u0119cie plik\u00f3w cookies, kt\u00f3re zosta\u0142y ju\u017c umieszczone na Pa\u0144stwa urz\u0105dzeniu. W takim przypadku mog\u0105 Pa\u0144stwo nie mie\u0107 dost\u0119pu do wybranych obszar\u00f3w naszej strony internetowej, a my mo\u017cemy s\u0105dzi\u0107, \u017ce nigdy nas Pa\u0144stwo wcze\u015bniej nie odwiedzali, w zwi\u0105zku z czym poka\u017cemy Pa\u0144stwu ponownie Komunikat o plikach cookies i poprosimy o wyra\u017cenie zgody na umieszczanie tych plik\u00f3w.<\/p>\n<p>Mog\u0105 Pa\u0144stwo r\u00f3wnie\u017c ograniczy\u0107 lub zablokowa\u0107 pliki cookies zmieniaj\u0105c ustawienia swej przegl\u0105darki. Aby ustali\u0107, jak zarz\u0105dza\u0107 Pa\u0144stwa ustawieniami plik\u00f3w cookies, prosz\u0119 sprawdzi\u0107 dok\u0142adne informacje w sekcji pomocy Pa\u0144stwa przegl\u0105darki.<\/p>\n<p>&nbsp;<\/p>\n<h3>Jak si\u0119 z nami skontaktowa\u0107:<\/h3>\n<p>W razie pyta\u0144, uwag lub skarg dotycz\u0105cych plik\u00f3w cookies, prosimy o kontakt pod adresem: alinjellyfish@gmail.com<\/p>\n<\/div>\n<\/div><\/div><\/div><div id=\"pgc-158-0-1\"  class=\"panel-grid-cell\" ><div id=\"panel-158-0-1-0\" class=\"so-panel widget widget_sow-editor panel-first-child panel-last-child\" data-index=\"1\" ><div\n\t\t\t\n\t\t\tclass=\"so-widget-sow-editor so-widget-sow-editor-base\"\n\t\t\t\n\t\t>\n<div class=\"siteorigin-widget-tinymce textwidget\">\n\t<p>Administratorem Pan\u0301stwa danych osobowych jest Alina Rycombel. Niniejsza Polityka Prywatno\u015bci wyja\u015bnia, jak zbiera i zarz\u0105dza Pan\u0301stwa danymi osobowymi. Zawiera informacje co do rodzaju zbieranych danych, sposobu ich wykorzystania, powodu, dla kt\u00f3rego s\u0105 nam potrzebne i korzy\u015bciach dla Pan\u0301stwa z tego wynikaj\u0105cych.<\/p>\n<p>Prosimy o kontakt pod adresem: alinjellyfish@gmail.com, je\u015bli maj\u0105 Pan\u0301stwo pytania lub uwagi, lub je\u015bli pragn\u0105 Pan\u0301stwo zg\u0142osi\u0107 \u017c\u0105danie co do przys\u0142uguj\u0105cych Pan\u0301stwu praw jako osoby, kt\u00f3rej dane dotycz\u0105.<\/p>\n<p>Ostatnia aktualizacja niniejszej Polityki Prywatno\u015bci mia\u0142a miejsce w dniu 26 stycznia 2024 r.<\/p>\n<h3><\/h3>\n<h3>Podstawowe zasady i zobowi\u0105zanie do ochrony prywatno\u015bci<\/h3>\n<p>Naszym celem jest ochrona danych osobowych b\u0119d\u0105cych w naszym posiadaniu, odpowiedzialne zarz\u0105dzanie danymi oraz stosowanie przejrzystych praktyk. Pan\u0301stwa zaufanie jest dla nas wa\u017cne. Dlatego te\u017c zobowi\u0105zujemy si\u0119 do przestrzegania nast\u0119puj\u0105cych podstawowych zasad:<\/p>\n<ol>\n<li>nie maj\u0105 Pan\u0301stwo obowi\u0105zku przekazywania nam danych osobowych, o kt\u00f3re si\u0119 zwracamy. Jednak je\u015bli zdecyduj\u0105 si\u0119 Pan\u0301stwo ich nie przekazywa\u0107, w\u00f3wczas mo\u017cemy nie mie\u0107 mo\u017cliwo\u015bci udost\u0119pniania Pan\u0301stwu pewnych us\u0142ug;<\/li>\n<li>zbieramy i przetwarzamy Pan\u0301stwa dane w celach okre\u015blonych w Polityce Prywatno\u015bci lub konkretnych celach, kt\u00f3re s\u0105 naszymi wsp\u00f3lnymi celami;<\/li>\n<li>naszym celem jest zbieranie, przetwarzanie i wykorzystywanie danych osobowych w minimalnym mo\u017cliwym zakresie;<\/li>\n<li>przy zbieraniu danych osobowych staramy si\u0119 zapewni\u0107 ich rzetelno\u015b\u0107 i aktualno\u015b\u0107;<\/li>\n<li>je\u015bli zebrane dane osobowe przestan\u0105 by\u0107 potrzebne w danym celu i nie ma prawnego obowi\u0105zku ich przechowywania, w\u00f3wczas zostan\u0105 one usuni\u0119te, zniszczone lub trwale uniemo\u017cliwimy ich powi\u0105zanie z okre\u015blon\u0105 osob\u0105.<\/li>\n<\/ol>\n<p>Nie b\u0119dziemy dzieli\u0107 si\u0119 Pan\u0301stwa danymi osobowymi, sprzedawa\u0107 ich, wynajmowa\u0107 ani ujawnia\u0107 w spos\u00f3b inny ni\u017c opisano w Polityce Prywatno\u015bci.<\/p>\n<h3><\/h3>\n<h3>Jakie dane osobowe zbieramy?<\/h3>\n<p>Bezpo\u015brednio w zwi\u0105zku z korzystaniem przez Pa\u0144stwa ze strony internetowej ewarycombel.pl mo\u017cemy zbiera\u0107 od Pan\u0301stwa nast\u0119puj\u0105ce rodzaje danych osobowych: historia wyszukiwania, w tym dost\u0119p do stron, data dost\u0119pu, lokalizacja w chwili uzyskania dost\u0119pu oraz adres IP.<\/p>\n<p>W przypadku kontaktu telefonicznego (poprzez infolini\u0119) lub mailowego mo\u017cemy zbiera\u0107 od Pan\u0301stwa dane osobowe w postaci imienia i nazwiska, adresu e-mail, numeru telefonu kom\u00f3rkowego, szczeg\u00f3\u0142\u00f3w rozm\u00f3w oraz wszelkich innych danych, kt\u00f3re zostan\u0105 przez Pa\u0144stwa dobrowolnie podane w trakcie rozmowy.<\/p>\n<h3>Dlaczego zbieramy i wykorzystujemy Pan\u0301stwa dane osobowe?<\/h3>\n<p>Aby m\u00f3c zapewni\u0107 najlepsz\u0105 obs\u0142ug\u0119 w Internecie i wysokiej jako\u015bci obs\u0142ug\u0119 klienta. W szczeg\u00f3lno\u015bci mo\u017cemy zbiera\u0107, przechowywa\u0107, wykorzystywa\u0107 i ujawnia\u0107 Pan\u0301stwa dane osobowe w nast\u0119puj\u0105cych celach:<\/p>\n<ol>\n<li>do przetwarzania i udzielania odpowiedzi na Pan\u0301stwa zapytania lub kontaktowania si\u0119 z Pan\u0301stwem w celu udzielenia odpowiedzi na pytania lub pro\u015bby,<\/li>\n<li>do opracowywania i udoskonalania naszych us\u0142ug, sposob\u00f3w komunikacji i funkcjonalno\u015bci naszych stron internetowych<\/li>\n<\/ol>\n<h3><\/h3>\n<h3>Prawa, kt\u00f3re Pan\u0301stwu przys\u0142uguj\u0105<\/h3>\n<p>W zwi\u0105zku z przetwarzaniem przez Nutricia Pan\u0301stwa danych osobowych przys\u0142uguje Pan\u0301stwu szereg praw, kt\u00f3re mog\u0105 Pan\u0301stwo wykona\u0107 w dowolnym czasie. Poni\u017cej przedstawiamy te prawa wraz z ich opisem.<\/p>\n<p>Prawa te mog\u0105 Pan\u0301stwo wykonywa\u0107 poprzez kontakt pod adresem: alinjellyfish@gmail.com<\/p>\n<h3>Prawo dost\u0119pu do danych osobowych i ich sprostowania<\/h3>\n<p>W ka\u017cdej chwili maj\u0105 Pan\u0301stwo prawo dost\u0119pu do danych osobowych, ich sprostowania i aktualizacji. Rozumiemy, jak wa\u017cne s\u0105 te prawa, wi\u0119c je\u015bli b\u0119d\u0105 je Pan\u0301stwo chcieli wykona\u0107, zapraszamy do kontaktu pod adresem: alinjellyfish@gmail.com<\/p>\n<h3><\/h3>\n<h3>Prawo do przenoszenia danych<\/h3>\n<p>Pan\u0301stwa dane osobowe mog\u0105 by\u0107 przenoszone. Oznacza to, \u017ce mog\u0105 by\u0107 przeniesione, skopiowane lub przes\u0142ane drog\u0105 elektroniczn\u0105. Jednak\u017ce prawo to ma zastosowanie tylko, je\u015bli:<\/p>\n<ol>\n<li>przetwarzanie odbywa si\u0119 na podstawie Pan\u0301stwa zgody,<\/li>\n<li>przetwarzanie odbywa si\u0119 w ramach wykonywania umowy,<\/li>\n<li>przetwarzanie odbywa si\u0119 w spos\u00f3b zautomatyzowany<\/li>\n<\/ol>\n<h3><\/h3>\n<h3>Prawo do usuni\u0119cia danych osobowych<\/h3>\n<p>Maj\u0105 Pan\u0301stwo prawo za\u017c\u0105da\u0107 od nas usuni\u0119cia Pan\u0301stwa danych, je\u015bli:<\/p>\n<ol>\n<li>dane osobowe nie s\u0105 ju\u017c niezb\u0119dne do cel\u00f3w, w kt\u00f3rych zosta\u0142y zebrane, lub<\/li>\n<li>wnios\u0105 Pan\u0301stwo sprzeciw wobec przetwarzania danych osobowych na potrzeby marketingu bezpo\u015bredniego, lub<\/li>\n<li>wnios\u0105 Pan\u0301stwo sprzeciw wobec przetwarzania danych osobowych do prawnie uzasadnionych cel\u00f3w realizowanych przez Nutricia (takich jak poprawa jako\u015bci obs\u0142ugi u\u017cytkownik\u00f3w naszych stron internetowych),<\/li>\n<li>dane osobowe s\u0105 przetwarzane niezgodnie z prawem, lub<\/li>\n<li>dane osobowe musz\u0105 zosta\u0107 usuni\u0119te w celu wywi\u0105zania si\u0119 z obowi\u0105zku prawnego.<\/li>\n<\/ol>\n<p>Je\u015bli zebrane dane osobowe przestan\u0105 by\u0107 potrzebne w danym celu i nie ma prawnego obowi\u0105zku ich przechowywania, w\u00f3wczas zostan\u0105 one usuni\u0119te, zniszczone lub trwale uniemo\u017cliwimy ich powi\u0105zanie z okre\u015blon\u0105 osob\u0105.<\/p>\n<h3><\/h3>\n<h3>Prawo do ograniczenia przetwarzania<\/h3>\n<p>Maj\u0105 Pan\u0301stwo prawo do ograniczenia przetwarzania Pan\u0301stwa danych osobowych, je\u015bli:<\/p>\n<ol>\n<li>kwestionuj\u0105 Pan\u0301stwo prawid\u0142owo\u015b\u0107 posiadanych przez nas danych osobowych, lub<\/li>\n<li>dane osobowe s\u0105 przetwarzane niezgodnie z prawem, ale zamiast ich usuni\u0119cia, woleliby Pan\u0301stwo, aby\u015bmy ograniczyli ich przetwarzanie,<\/li>\n<li>Nutricia nie potrzebuje ju\u017c Pan\u0301stwa danych osobowych do cel\u00f3w, w jakich zosta\u0142y zebrane, ale s\u0105 one potrzebne Pan\u0301stwu do ustalenia, dochodzenia lub obrony roszcze\u0144, lub<\/li>\n<li>wnios\u0105 Pan\u0301stwo sprzeciw wobec przetwarzania Pan\u0301stwa danych osobowych \u2013 do czasu stwierdzenia, czy prawnie uzasadnione podstawy do przetwarzania danych s\u0105 nadrz\u0119dne wobec podstaw Pan\u0301stwa sprzeciwu.<\/li>\n<\/ol>\n<h3><\/h3>\n<h3>Prawo do zg\u0142oszenia sprzeciwu<\/h3>\n<p>W ka\u017cdej chwili maj\u0105 Pan\u0301stwo prawo do zg\u0142oszenia sprzeciwu wzgl\u0119dem przetwarzania Pan\u0301stwa danych osobowych.<\/p>\n<h3><\/h3>\n<h3>Prawo wniesienia skargi do organu nadzorczego<\/h3>\n<p>Maj\u0105 Pan\u0301stwo prawo wniesienia skargi do organu nadzorczego danych osobowych, je\u017celi uwa\u017caj\u0105 Pa\u0144stwo, \u017ce przetwarzamy Pa\u0144stwa dane osobowe niezgodnie z przepisami RODO. W Polsce organem nadzorczym jest Prezes Urz\u0119du Ochrony Danych Osobowych (ul. Stawki 2, 00-193 Warszawa).<\/p>\n<h3><\/h3>\n<h3>Udost\u0119pnianie danych osobowych<\/h3>\n<p>Nie b\u0119dziemy dzieli\u0107 si\u0119 Pan\u0301stwa danymi osobowymi, sprzedawa\u0107 ich, wynajmowa\u0107 ani ujawnia\u0107 w spos\u00f3b inny ni\u017c opisano poni\u017cej. Jednak\u017ce mo\u017cemy przekaza\u0107 Pan\u0301stwa dane w sytuacji, gdy jest to wymagane prawem lub gdy \u017c\u0105danie takie zg\u0142osi organ w\u0142adzy publicznej.<\/p>\n<p>Pan\u0301stwa dane osobowe mog\u0105 by\u0107 udost\u0119pniane podmiotom:<\/p>\n<ol>\n<li>\u015bwiadcz\u0105cym us\u0142ugi outsourcingowe dla Administratora,<\/li>\n<li>\u015bwiadcz\u0105cym us\u0142ugi w zakresie \u015bwiadcze\u0144 dla pracownik\u00f3w dla Administratora, \u015bwiadcz\u0105cym us\u0142ugi IT oraz utrzymuj\u0105ce infrastruktur\u0119 IT Administratora,<\/li>\n<li>\u015bwiadcz\u0105cym us\u0142ugi marketingowe i eventowe dla Administratora,<\/li>\n<li>podmiotom powi\u0105zanym kapita\u0142owo z Administratorem,<\/li>\n<li>organom publicznym, na podstawie wymog\u00f3w ustawowych (np. komornikom s\u0105dowym, policji, ZUS, NFZ, Krajowej Administracji Skarbowej),<\/li>\n<li>partnerom handlowym, kontrahentom i klientom Administratora<\/li>\n<\/ol>\n<h3><\/h3>\n<h3>Udost\u0119pnianie danych za granic\u0119<\/h3>\n<p>Pan\u0301stwa dane osobowe nie s\u0105 przetwarzane poza Europejskim Obszarem Gospodarczym (EOG).<\/p>\n<h3><\/h3>\n<h3>Zautomatyzowane podejmowanie decyzji i profilowanie<\/h3>\n<p>W odniesieniu do niekt\u00f3rych us\u0142ugi mo\u017cemy przetwarza\u0107 dane osobowe w spos\u00f3b zautomatyzowany. Zasadniczo oznacza to, \u017ce decyzje s\u0105 podejmowane automatycznie bez interwencji ludzkiej. Mo\u017cemy tak\u017ce przetwarza\u0107 Pan\u0301stwa dane osobowe dla potrzeb profilowania w celu przewidywania Pan\u0301stwa zachowania na naszej stronie internetowej.<\/p>\n<p>W przypadku zamiaru zastosowania takich metod, poinformujemy Pan\u0301stwa i damy Pan\u0301stwu mo\u017cliwo\u015b\u0107 zg\u0142oszenia wcze\u015bniejszego sprzeciwu wobec stosowania takich praktyk. Prosimy tak\u017ce o kontakt z nami (alinjellyfish@gmail.com<span id=\"cloak10f4ce79c042d78877f83fcf7a7fd6de\"><\/span>) w celu uzyskania dodatkowych informacji w sprawie tego rodzaju przetwarzania danych.<\/p>\n<h3><\/h3>\n<h3>Pliki cookie i inne technologie<\/h3>\n<p>Mo\u017cemy tak\u017ce zbiera\u0107 od Pan\u0301stwa dane osobowe poprzez stosowanie plik\u00f3w cookie i innych technologii. Taka sytuacja mo\u017ce mie\u0107 miejsce, gdy odwiedzaj\u0105 Pan\u0301stwo strony nutribank.pl, a dane mog\u0105 obejmowa\u0107 nast\u0119puj\u0105ce informacje:<\/p>\n<ol>\n<li>informacje na temat u\u017cywanej przez Pan\u0301stwa przegl\u0105darki i systemu operacyjnego,<\/li>\n<li>czas sp\u0119dzony na stronie internetowej,<\/li>\n<li>adres IP u\u017cywanego przez Pan\u0301stwa urz\u0105dzenia,<\/li>\n<li>historia przegl\u0105dania stron.<\/li>\n<\/ol>\n<h3>Jak si\u0119 z nami kontaktowa\u0107<\/h3>\n<p>Je\u015bli maj\u0105 Pan\u0301stwo pytania, uwagi lub skargi dotycz\u0105ce niniejszej Polityki Prywatno\u015bci lub przetwarzania Pan\u0301stwa danych osobowych, prosimy o kontakt z alinjellyfish@gmail.com<\/p>\n<\/div>\n<\/div><\/div><\/div><\/div><\/div>","protected":false},"excerpt":{"rendered":"<p>Os\u0301wiadczenie o plikach cookies Alina Rycombel, b\u0119d\u0105ca administratorem Pa\u0144stwa danych osobowych pragnie wykazywa\u0107 si\u0119 otwarto\u015bci\u0105 i przejrzysto\u015bci\u0105 co do sposobu, w jaki u\u017cywa plik\u00f3w cookies i tego, co to dla Pa\u0144stwa oznacza. Niekt\u00f3re u\u017cywane przez nas pliki cookies s\u0105 niezb\u0119dne do funkcjonowania naszej strony internetowej, ale s\u0105 te\u017c pliki cookies, z kt\u00f3rych mog\u0105 Pa\u0144stwo zrezygnowa\u0107<a class=\"more-link\" href=\"https:\/\/ewarycombel.pl\/index.php\/polityka-prywatnosci-i-plikow-cookies\/\">Read more  &#10230;<\/a><\/p>\n","protected":false},"author":1,"featured_media":0,"parent":0,"menu_order":0,"comment_status":"closed","ping_status":"closed","template":"","meta":{"footnotes":""},"class_list":["post-158","page","type-page","status-publish","hentry"],"_links":{"self":[{"href":"https:\/\/ewarycombel.pl\/index.php\/wp-json\/wp\/v2\/pages\/158","targetHints":{"allow":["GET"]}}],"collection":[{"href":"https:\/\/ewarycombel.pl\/index.php\/wp-json\/wp\/v2\/pages"}],"about":[{"href":"https:\/\/ewarycombel.pl\/index.php\/wp-json\/wp\/v2\/types\/page"}],"author":[{"embeddable":true,"href":"https:\/\/ewarycombel.pl\/index.php\/wp-json\/wp\/v2\/users\/1"}],"replies":[{"embeddable":true,"href":"https:\/\/ewarycombel.pl\/index.php\/wp-json\/wp\/v2\/comments?post=158"}],"version-history":[{"count":3,"href":"https:\/\/ewarycombel.pl\/index.php\/wp-json\/wp\/v2\/pages\/158\/revisions"}],"predecessor-version":[{"id":161,"href":"https:\/\/ewarycombel.pl\/index.php\/wp-json\/wp\/v2\/pages\/158\/revisions\/161"}],"wp:attachment":[{"href":"https:\/\/ewarycombel.pl\/index.php\/wp-json\/wp\/v2\/media?parent=158"}],"curies":[{"name":"wp","href":"https:\/\/api.w.org\/{rel}","templated":true}]}}