{"id":178,"date":"2025-01-24T19:41:56","date_gmt":"2025-01-24T18:41:56","guid":{"rendered":"https:\/\/ewarycombel.pl\/?page_id=178"},"modified":"2025-09-21T19:58:51","modified_gmt":"2025-09-21T17:58:51","slug":"trening-sas","status":"publish","type":"page","link":"https:\/\/ewarycombel.pl\/index.php\/trening-sas\/","title":{"rendered":"Trening SAS"},"content":{"rendered":"<div id=\"pl-178\"  class=\"panel-layout\" ><div id=\"pg-178-0\"  class=\"panel-grid panel-no-style\" ><div id=\"pgc-178-0-0\"  class=\"panel-grid-cell\" ><div id=\"panel-178-0-0-0\" class=\"so-panel widget widget_sow-editor panel-first-child\" data-index=\"0\" ><div\n\t\t\t\n\t\t\tclass=\"so-widget-sow-editor so-widget-sow-editor-base\"\n\t\t\t\n\t\t><h3 class=\"widget-title\">SAS (Neuroakustyczny Trening M\u00f3zgu) dla dzieci, doros\u0142ych i senior\u00f3w<\/h3>\n<div class=\"siteorigin-widget-tinymce textwidget\">\n\t<div class=\"html-div xdj266r x11i5rnm xat24cr x1mh8g0r xexx8yu x4uap5 x18d9i69 xkhd6sd x78zum5 x1eb86dx\">\n<div class=\"html-div xdj266r x11i5rnm xat24cr x1mh8g0r xexx8yu x4uap5 x18d9i69 xkhd6sd xeuugli x1vjfegm\">\n<div class=\"html-div xdj266r x11i5rnm xat24cr x1mh8g0r xexx8yu x4uap5 x18d9i69 xkhd6sd x78zum5 xh8yej3\" role=\"presentation\">\n<div class=\"x1cy8zhl x78zum5 xdt5ytf x193iq5w x1n2onr6 x1kxipp6\">\n<div class=\"x78zum5 xh8yej3\" role=\"none\">\n<div class=\"html-div xdj266r x11i5rnm xat24cr x1mh8g0r xexx8yu x4uap5 x18d9i69 xkhd6sd x6ikm8r x10wlt62\">\n<div class=\"html-div xdj266r x11i5rnm xat24cr x1mh8g0r x14ctfv x1okitfd x6ikm8r x10wlt62 xerhiuh x1pn3fxy x12xxe5f x1szedp3 x1n2onr6 x1vjfegm x1k4qllp x1mzt3pk x13faqbe x1xr0vuk x1jm4cbz x1lmq8lz xrrpcnn x1xtl47e x13fuv20 xu3j5b3 x1q0q8m5 x26u7qi x19livfd x2t687o x3p3xfz x5od304 xp5s12f x11ucwad xgtuqic x155c047\" role=\"presentation\">\n<div class=\"html-div xexx8yu x4uap5 x18d9i69 xkhd6sd x1gslohp x11i5rnm x12nagc x1mh8g0r x1yc453h x126k92a x18lvrbx\" dir=\"auto\"><strong>Trening SAS (Sensory Activation Solutions)<\/strong> aktywuje po\u0142\u0105czenia neuronalne i poprawia synchronizacj\u0119 pomi\u0119dzy obiema p\u00f3\u0142kulami m\u00f3zgu, przez co dochodzi do efektywniejszego przetwarzania sensorycznego.<strong> Trening wp\u0142ywa na przetwarzanie s\u0142uchowe poprzez muzyk\u0119 i mow\u0119, celowo przygotowan\u0105 i dobran\u0105 do indywidualnych potrzeb.<\/strong><\/div>\n<div dir=\"auto\"><\/div>\n<div class=\"html-div xexx8yu x4uap5 x18d9i69 xkhd6sd x1gslohp x11i5rnm x12nagc x1mh8g0r x1yc453h x126k92a x18lvrbx\" dir=\"auto\">Trening SAS jest <strong>prosty w realizacji i ca\u0142kowicie bezpieczny.<\/strong> S\u0142uchaj\u0105c ka\u017cdego dnia specjalnie dobranych program\u00f3w d\u017awi\u0119kowych za pomoc\u0105 s\u0142uchawek, m\u00f3zg otrzymuje zdrowy \u201emasa\u017c\u201d, dzi\u0119ki kt\u00f3remu jest on w stanie wy\u0107wiczy\u0107 nowe, trwa\u0142e nawyki zwi\u0105zane ze sprawniejszym przetwarzaniem informacji.<\/div>\n<div dir=\"auto\"><\/div>\n<div class=\"html-div xexx8yu x4uap5 x18d9i69 xkhd6sd x1gslohp x11i5rnm x12nagc x1mh8g0r x1yc453h x126k92a x18lvrbx\" dir=\"auto\">W trakcie treningu s\u0142ucha si\u0119 znanych i popularnych utwor\u00f3w klasyk\u00f3w orkiestrowych i fortepianowych, kt\u00f3re s\u0105 poddane akustycznej modyfikacji oraz tekst\u00f3w literatury polskiej i \u015bwiatowej.<\/div>\n<div dir=\"auto\"><\/div>\n<div class=\"html-div xexx8yu x4uap5 x18d9i69 xkhd6sd x1gslohp x11i5rnm x12nagc x1mh8g0r x1yc453h x126k92a x18lvrbx\" dir=\"auto\"><strong>Typowy Neuroakustyczny Trening M\u00f3zgu jest zaprojektowany aby:<\/strong><\/div>\n<div dir=\"auto\"><\/div>\n<div class=\"html-div xexx8yu x4uap5 x18d9i69 xkhd6sd x1gslohp x11i5rnm x12nagc x1mh8g0r x1yc453h x126k92a x18lvrbx\" dir=\"auto\">1. Aktywowa\u0107 centra przetwarzania s\u0142uchowego w m\u00f3zgu w celu poprawy zdolno\u015bci do rozpoznawania, filtrowania oraz przetwarzania d\u017awi\u0119ku i mowy, co prowadzi do zmniejszenia przeci\u0105\u017cenia sensorycznego, szybszego rozumienia, lepszej ekspresji s\u0142ownej oraz poprawy w pisaniu i czytaniu.<\/div>\n<div class=\"html-div xexx8yu x4uap5 x18d9i69 xkhd6sd x1gslohp x11i5rnm x12nagc x1mh8g0r x1yc453h x126k92a x18lvrbx\" dir=\"auto\">2. Aktywowa\u0107 inne o\u015brodki przetwarzania sensorycznego w m\u00f3zgu (wzrok, dotyk, zapach i smak), aby zmniejszy\u0107 przeci\u0105\u017cenie sensoryczne oraz poprawi\u0107 og\u00f3lne funkcjonowanie.<\/div>\n<div class=\"html-div xexx8yu x4uap5 x18d9i69 xkhd6sd x1gslohp x11i5rnm x12nagc x1mh8g0r x1yc453h x126k92a x18lvrbx\" dir=\"auto\">3. Aktywowa\u0107 system przedsionkowy w celu poprawy: zmys\u0142u r\u00f3wnowagi, zmys\u0142u propriocepcji (zmys\u0142 kinestetyczny), ma\u0142ej i du\u017cej motoryki cia\u0142a, ruch\u00f3w ga\u0142ek ocznych.<\/div>\n<div class=\"html-div xexx8yu x4uap5 x18d9i69 xkhd6sd x1gslohp x11i5rnm x12nagc x1mh8g0r x1yc453h x126k92a x18lvrbx\" dir=\"auto\">4. Wspiera\u0107 dominacj\u0119 prawego ucha w celu poprawy rozpoznawania oraz szybszego rozumienia mowy jak i lepszej ekspresji s\u0142ownej.<\/div>\n<div class=\"html-div xexx8yu x4uap5 x18d9i69 xkhd6sd x1gslohp x11i5rnm x12nagc x1mh8g0r x1yc453h x126k92a x18lvrbx\" dir=\"auto\">5. Wspiera\u0107 integracj\u0119 obu p\u00f3\u0142kul m\u00f3zgowych w celu zwi\u0119kszenia efektywno\u015bci przetwarzania w m\u00f3zgu, co prowadzi do lepszego rozumienia i og\u00f3lnej poprawy funkcjonowania.<\/div>\n<div class=\"html-div xexx8yu x4uap5 x18d9i69 xkhd6sd x1gslohp x11i5rnm x12nagc x1mh8g0r x1yc453h x126k92a x18lvrbx\" dir=\"auto\">6. Zmieni\u0107 tempo oddychania w zale\u017cno\u015bci od potrzeb, w celu zrelaksowania lub pobudzenia oraz zmieni\u0107 cz\u0119stotliwo\u015b\u0107 fal m\u00f3zgowych, kt\u00f3rych nieprawid\u0142owe parametry mog\u0105 by\u0107 przyczyn\u0105 deficytu uwagi, nadpobudliwo\u015bci, problem\u00f3w z mow\u0105, w tym j\u0105kania si\u0119.<\/div>\n<div class=\"html-div xexx8yu x4uap5 x18d9i69 xkhd6sd x1gslohp x11i5rnm x12nagc x1mh8g0r x1yc453h x126k92a x18lvrbx\" dir=\"auto\">7. Zmieni\u0107 ograniczaj\u0105ce przekonania w celu budowania w\u0142asnej warto\u015bci, pewno\u015bci siebie i motywacji.<\/div>\n<\/div>\n<\/div>\n<div class=\"html-div xdj266r x11i5rnm xat24cr x1mh8g0r xexx8yu x4uap5 x18d9i69 xkhd6sd x1h91t0o xkh2ocl x78zum5 xdt5ytf x13a6bvl x193iq5w x1iyjqo2 x1eb86dx\" role=\"presentation\">\n<div class=\"html-div xdj266r x11i5rnm xat24cr x1mh8g0r xexx8yu x4uap5 x18d9i69 xkhd6sd x1r8uery x1iyjqo2\" role=\"presentation\"><\/div>\n<\/div>\n<\/div>\n<\/div>\n<div class=\"html-div xdj266r x11i5rnm xat24cr x1mh8g0r xexx8yu x4uap5 x18d9i69 xkhd6sd x1h91t0o xkh2ocl x78zum5 xdt5ytf x13a6bvl x193iq5w x1iyjqo2 x1eb86dx\" role=\"presentation\">\n<div class=\"html-div xdj266r x11i5rnm xat24cr x1mh8g0r xexx8yu x4uap5 x18d9i69 xkhd6sd x1r8uery x1iyjqo2\" role=\"presentation\"><\/div>\n<\/div>\n<\/div>\n<div class=\"html-div xdj266r x11i5rnm xat24cr x1mh8g0r xexx8yu x4uap5 x18d9i69 xkhd6sd x1h91t0o xkh2ocl x78zum5 xdt5ytf x13a6bvl x193iq5w x1c4vz4f x1eb86dx\" role=\"presentation\">\n<div class=\"html-div xdj266r x11i5rnm xat24cr x1mh8g0r xexx8yu x4uap5 x18d9i69 xkhd6sd\"><\/div>\n<\/div>\n<\/div>\n<div class=\"html-div xdj266r x11i5rnm xat24cr x1mh8g0r xexx8yu x4uap5 x1eb86dx x78zum5 x1c4vz4f x2lah0s x18061mc xjz4gdx\">\n<div class=\"html-div xdj266r x11i5rnm xat24cr x1mh8g0r xexx8yu x4uap5 x18d9i69 xkhd6sd x78zum5 xamitd3\">\n<div class=\"html-div xdj266r x11i5rnm xat24cr x1mh8g0r xexx8yu x4uap5 x18d9i69 x78zum5 xdt5ytf x1iyjqo2 x2lah0s xl56j7k x1n2onr6 x1mqs8db x1n327nk x1t2a60a\" aria-hidden=\"true\">\n<div class=\"html-div xdj266r x11i5rnm xat24cr x1mh8g0r xexx8yu x4uap5 x18d9i69 xkhd6sd x6s0dn4 xl5lk40 x78zum5 x1mqs8db x1q0g3np\" role=\"presentation\">\n<div class=\"html-div xdj266r x11i5rnm xat24cr x1mh8g0r xexx8yu x4uap5 x18d9i69 xkhd6sd x6s0dn4 xl5lk40 x78zum5 x1mqs8db x1q0g3np\" role=\"presentation\">\n<div class=\"html-div xdj266r x11i5rnm xat24cr x1mh8g0r xexx8yu x4uap5 x18d9i69 xkhd6sd\" aria-hidden=\"false\">\n<div class=\"x9f619 x1n2onr6 x1ja2u2z __fb-light-mode\">\n<div class=\"x1i10hfl x1ejq31n xd10rxx x1sy0etr x17r0tee x9f619 x1ypdohk xe8uvvx xdj266r x11i5rnm xat24cr x1mh8g0r x16tdsg8 x1hl2dhg xggy1nq x87ps6o x1lku1pv x1a2a7pz x6s0dn4 x1z11no5 xjy5m1g x1mnwbp6 x4pb5v6 x972fbf xcfux6l x1qhh985 xm0m39n x78zum5 xl56j7k xexx8yu x4uap5 x18d9i69 xkhd6sd x1n2onr6 x1fgtraw xgd8bvy xjbqb8w\" tabindex=\"0\" role=\"button\" aria-expanded=\"false\" aria-haspopup=\"menu\" aria-label=\"Zareaguj\">\n<div class=\"x9f619 x1n2onr6 x1ja2u2z __fb-light-mode xt0psk2\"><\/div>\n<div class=\"x1ey2m1c xds687c x17qophe xg01cxk x47corl x10l6tqk x13vifvy x1ebt8du x19991ni x1dhq9h xzolkzo x12go9s9 x1rnf11y xprq8jg\" role=\"none\" data-visualcompletion=\"ignore\"><\/div>\n<\/div>\n<\/div>\n<\/div>\n<div class=\"html-div xdj266r x11i5rnm xat24cr x1mh8g0r xexx8yu x4uap5 x18d9i69 xkhd6sd\" aria-hidden=\"false\">\n<div class=\"x9f619 x1n2onr6 x1ja2u2z __fb-light-mode\">\n<div class=\"x1i10hfl x1ejq31n xd10rxx x1sy0etr x17r0tee x9f619 x1ypdohk xe8uvvx xdj266r x11i5rnm xat24cr x1mh8g0r x16tdsg8 x1hl2dhg xggy1nq x87ps6o x1lku1pv x1a2a7pz x6s0dn4 x1z11no5 xjy5m1g x1mnwbp6 x4pb5v6 x972fbf xcfux6l x1qhh985 xm0m39n x78zum5 xl56j7k xexx8yu x4uap5 x18d9i69 xkhd6sd x1n2onr6 x1fgtraw xgd8bvy xjbqb8w\" tabindex=\"0\" role=\"button\" aria-label=\"Odpowiedz\">\n<div class=\"x9f619 x1n2onr6 x1ja2u2z __fb-light-mode xt0psk2\"><\/div>\n<div class=\"x1ey2m1c xds687c x17qophe xg01cxk x47corl x10l6tqk x13vifvy x1ebt8du x19991ni x1dhq9h xzolkzo x12go9s9 x1rnf11y xprq8jg\" role=\"none\" data-visualcompletion=\"ignore\"><\/div>\n<\/div>\n<\/div>\n<\/div>\n<div class=\"html-div xdj266r x11i5rnm xat24cr x1mh8g0r xexx8yu x4uap5 x18d9i69 xkhd6sd\" aria-hidden=\"false\">\n<div class=\"x9f619 x1n2onr6 x1ja2u2z __fb-light-mode\">\n<div class=\"x1i10hfl x1ejq31n xd10rxx x1sy0etr x17r0tee x9f619 x1ypdohk xe8uvvx xdj266r x11i5rnm xat24cr x1mh8g0r x16tdsg8 x1hl2dhg xggy1nq x87ps6o x1lku1pv x1a2a7pz x6s0dn4 x1z11no5 xjy5m1g x1mnwbp6 x4pb5v6 x972fbf xcfux6l x1qhh985 xm0m39n x78zum5 xl56j7k xexx8yu x4uap5 x18d9i69 xkhd6sd x1n2onr6 x1fgtraw xgd8bvy xjbqb8w\" tabindex=\"0\" role=\"button\" aria-expanded=\"false\" aria-haspopup=\"menu\" aria-label=\"Wi\u0119cej\">\n<div class=\"x9f619 x1n2onr6 x1ja2u2z __fb-light-mode xt0psk2\"><\/div>\n<div class=\"x1ey2m1c xds687c x17qophe xg01cxk x47corl x10l6tqk x13vifvy x1ebt8du x19991ni x1dhq9h xzolkzo x12go9s9 x1rnf11y xprq8jg\" role=\"none\" data-visualcompletion=\"ignore\"><\/div>\n<\/div>\n<\/div>\n<\/div>\n<\/div>\n<\/div>\n<\/div>\n<\/div>\n<\/div>\n<div class=\"html-div xdj266r x11i5rnm xat24cr x1mh8g0r xexx8yu x4uap5 x18d9i69 xkhd6sd x1eb86dx x1r8uery x1iyjqo2\"><\/div>\n<\/div>\n<div class=\"html-div xdj266r x11i5rnm xat24cr x1mh8g0r xexx8yu x4uap5 x18d9i69 xkhd6sd x78zum5 x13a6bvl x1eb86dx\">\n<div class=\"html-div x1mh8g0r xexx8yu x4uap5 x18d9i69 xkhd6sd x1jfb8zj x12nagc xpdqn1h x1gslohp\"><\/div>\n<\/div>\n<\/div>\n<\/div><\/div><div id=\"panel-178-0-0-1\" class=\"so-panel widget widget_sow-editor panel-last-child\" data-index=\"1\" ><div\n\t\t\t\n\t\t\tclass=\"so-widget-sow-editor so-widget-sow-editor-base\"\n\t\t\t\n\t\t>\n<div class=\"siteorigin-widget-tinymce textwidget\">\n\t<p>&nbsp;<\/p>\n<p><img loading=\"lazy\" decoding=\"async\" class=\"size-large wp-image-189 aligncenter\" src=\"https:\/\/ewarycombel.pl\/wp-content\/uploads\/2025\/01\/sas-4-1024x728.png\" alt=\"\" width=\"1024\" height=\"728\" srcset=\"https:\/\/ewarycombel.pl\/wp-content\/uploads\/2025\/01\/sas-4-1024x728.png 1024w, https:\/\/ewarycombel.pl\/wp-content\/uploads\/2025\/01\/sas-4-300x213.png 300w, https:\/\/ewarycombel.pl\/wp-content\/uploads\/2025\/01\/sas-4-768x546.png 768w, https:\/\/ewarycombel.pl\/wp-content\/uploads\/2025\/01\/sas-4.png 1333w\" sizes=\"auto, (max-width: 1024px) 100vw, 1024px\" \/><img loading=\"lazy\" decoding=\"async\" class=\"wp-image-214 size-large aligncenter\" src=\"https:\/\/ewarycombel.pl\/wp-content\/uploads\/2025\/09\/sas_flyer_boost-pl-1-1024x684.jpg\" alt=\"\" width=\"1024\" height=\"684\" srcset=\"https:\/\/ewarycombel.pl\/wp-content\/uploads\/2025\/09\/sas_flyer_boost-pl-1-1024x684.jpg 1024w, https:\/\/ewarycombel.pl\/wp-content\/uploads\/2025\/09\/sas_flyer_boost-pl-1-300x200.jpg 300w, https:\/\/ewarycombel.pl\/wp-content\/uploads\/2025\/09\/sas_flyer_boost-pl-1-768x513.jpg 768w, https:\/\/ewarycombel.pl\/wp-content\/uploads\/2025\/09\/sas_flyer_boost-pl-1-1536x1026.jpg 1536w, https:\/\/ewarycombel.pl\/wp-content\/uploads\/2025\/09\/sas_flyer_boost-pl-1-2048x1368.jpg 2048w, https:\/\/ewarycombel.pl\/wp-content\/uploads\/2025\/09\/sas_flyer_boost-pl-1-272x182.jpg 272w\" sizes=\"auto, (max-width: 1024px) 100vw, 1024px\" \/><img loading=\"lazy\" decoding=\"async\" class=\"aligncenter wp-image-186 size-full\" src=\"https:\/\/ewarycombel.pl\/wp-content\/uploads\/2025\/01\/sas-2.png\" alt=\"\" width=\"1122\" height=\"780\" srcset=\"https:\/\/ewarycombel.pl\/wp-content\/uploads\/2025\/01\/sas-2.png 1122w, https:\/\/ewarycombel.pl\/wp-content\/uploads\/2025\/01\/sas-2-300x209.png 300w, https:\/\/ewarycombel.pl\/wp-content\/uploads\/2025\/01\/sas-2-1024x712.png 1024w, https:\/\/ewarycombel.pl\/wp-content\/uploads\/2025\/01\/sas-2-768x534.png 768w\" sizes=\"auto, (max-width: 1122px) 100vw, 1122px\" \/><img loading=\"lazy\" decoding=\"async\" class=\"size-large wp-image-187 aligncenter\" src=\"https:\/\/ewarycombel.pl\/wp-content\/uploads\/2025\/01\/sas3-1024x722.png\" alt=\"\" width=\"1024\" height=\"722\" srcset=\"https:\/\/ewarycombel.pl\/wp-content\/uploads\/2025\/01\/sas3-1024x722.png 1024w, https:\/\/ewarycombel.pl\/wp-content\/uploads\/2025\/01\/sas3-300x212.png 300w, https:\/\/ewarycombel.pl\/wp-content\/uploads\/2025\/01\/sas3-768x542.png 768w, https:\/\/ewarycombel.pl\/wp-content\/uploads\/2025\/01\/sas3.png 1120w\" sizes=\"auto, (max-width: 1024px) 100vw, 1024px\" \/><\/p>\n<p>&nbsp;<\/p>\n<p>&nbsp;<\/p>\n<p>&nbsp;<\/p>\n<\/div>\n<\/div><\/div><\/div><\/div><\/div>","protected":false},"excerpt":{"rendered":"<p>Trening SAS (Sensory Activation Solutions) aktywuje po\u0142\u0105czenia neuronalne i poprawia synchronizacj\u0119 pomi\u0119dzy obiema p\u00f3\u0142kulami m\u00f3zgu, przez co dochodzi do efektywniejszego przetwarzania sensorycznego. Trening wp\u0142ywa na przetwarzanie s\u0142uchowe poprzez muzyk\u0119 i mow\u0119, celowo przygotowan\u0105 i dobran\u0105 do indywidualnych potrzeb. Trening SAS jest prosty w realizacji i ca\u0142kowicie bezpieczny. S\u0142uchaj\u0105c ka\u017cdego dnia specjalnie dobranych program\u00f3w d\u017awi\u0119kowych za<a class=\"more-link\" href=\"https:\/\/ewarycombel.pl\/index.php\/trening-sas\/\">Read more  &#10230;<\/a><\/p>\n","protected":false},"author":1,"featured_media":0,"parent":0,"menu_order":0,"comment_status":"closed","ping_status":"closed","template":"","meta":{"footnotes":""},"class_list":["post-178","page","type-page","status-publish","hentry"],"_links":{"self":[{"href":"https:\/\/ewarycombel.pl\/index.php\/wp-json\/wp\/v2\/pages\/178","targetHints":{"allow":["GET"]}}],"collection":[{"href":"https:\/\/ewarycombel.pl\/index.php\/wp-json\/wp\/v2\/pages"}],"about":[{"href":"https:\/\/ewarycombel.pl\/index.php\/wp-json\/wp\/v2\/types\/page"}],"author":[{"embeddable":true,"href":"https:\/\/ewarycombel.pl\/index.php\/wp-json\/wp\/v2\/users\/1"}],"replies":[{"embeddable":true,"href":"https:\/\/ewarycombel.pl\/index.php\/wp-json\/wp\/v2\/comments?post=178"}],"version-history":[{"count":7,"href":"https:\/\/ewarycombel.pl\/index.php\/wp-json\/wp\/v2\/pages\/178\/revisions"}],"predecessor-version":[{"id":215,"href":"https:\/\/ewarycombel.pl\/index.php\/wp-json\/wp\/v2\/pages\/178\/revisions\/215"}],"wp:attachment":[{"href":"https:\/\/ewarycombel.pl\/index.php\/wp-json\/wp\/v2\/media?parent=178"}],"curies":[{"name":"wp","href":"https:\/\/api.w.org\/{rel}","templated":true}]}}