{"id":192,"date":"2025-01-24T20:22:35","date_gmt":"2025-01-24T19:22:35","guid":{"rendered":"https:\/\/ewarycombel.pl\/?page_id=192"},"modified":"2025-01-24T20:22:35","modified_gmt":"2025-01-24T19:22:35","slug":"vital-links","status":"publish","type":"page","link":"https:\/\/ewarycombel.pl\/index.php\/vital-links\/","title":{"rendered":"Vital Links"},"content":{"rendered":"<div id=\"pl-192\"  class=\"panel-layout\" ><div id=\"pg-192-0\"  class=\"panel-grid panel-no-style\" ><div id=\"pgc-192-0-0\"  class=\"panel-grid-cell\" ><div id=\"panel-192-0-0-0\" class=\"so-panel widget widget_sow-editor panel-first-child panel-last-child\" data-index=\"0\" ><div\n\t\t\t\n\t\t\tclass=\"so-widget-sow-editor so-widget-sow-editor-base\"\n\t\t\t\n\t\t><h3 class=\"widget-title\">Vital Links Therapeutic Listening<\/h3>\n<div class=\"siteorigin-widget-tinymce textwidget\">\n\t<p>S\u0142uchanie jest funkcj\u0105 ca\u0142ego m\u00f3zgu i wykracza daleko poza stymulacj\u0119 systemu s\u0142uchowego. Jest to \u015bwiadome dzia\u0142anie. Aktywne s\u0142uchanie jest dynamiczne i stale si\u0119 dostosowuje. S\u0142uchanie wymaga ch\u0119ci komunikacji oraz zdolno\u015bci skupienia uwagi na okre\u015blonych d\u017awi\u0119kach wybranych do rozr\u00f3\u017cnienia i interpretacji. Osoba aktywnie s\u0142ucha, kieruj\u0105c uwag\u0119 na d\u017awi\u0119ki w otoczeniu przy u\u017cyciu ca\u0142ego cia\u0142a. S\u0142uchanie terapeutyczne to kompleksowe, wieloaspektowe podej\u015bcie oparte na d\u017awi\u0119ku, kt\u00f3re obejmuje znacznie wi\u0119cej ni\u017c tylko u\u017cycie uszu. Podobnie jak inne systemy sensoryczne, system s\u0142uchowy nie dzia\u0142a w izolacji. Neurologicznie jest on po\u0142\u0105czony ze wszystkimi poziomami funkcjonowania m\u00f3zgu, co daje mu szeroki zakres wp\u0142ywu. To, jak s\u0142uchamy, wp\u0142ywa nie tylko na nasz\u0105 og\u00f3ln\u0105 fizjologi\u0119, ale r\u00f3wnie\u017c na nasze zachowanie. S\u0142uchanie terapeutyczne to konkretna interwencja oparta na d\u017awi\u0119ku, zakorzeniona w perspektywie rozwojowej i integracji sensorycznej. Muzyka wykorzystywana w s\u0142uchaniu terapeutycznym dostarcza s\u0142uchaczowi unikalnych i precyzyjnie kontrolowanych informacji sensorycznych. Muzyka ta jest elektronicznie modyfikowana, aby uwydatni\u0107 cz\u0119\u015bci spektrum d\u017awi\u0119ku, kt\u00f3re naturalnie przyci\u0105gaj\u0105 uwag\u0119 i aktywuj\u0105 ruch cia\u0142a, synchronizuj\u0105c go z otoczeniem. S\u0142uchanie terapeutyczne wykorzystuje elektroniczne modyfikacje oraz zorganizowane, rytmiczne wzorce d\u017awi\u0119kowe zawarte w muzyce, aby pobudza\u0107 zdolno\u015bci samoorganizacyjne uk\u0142adu nerwowego. Wielu terapeut\u00f3w przeszkolonych w zakresie s\u0142uchania terapeutycznego uwa\u017ca je za wa\u017cne uzupe\u0142nienie swoich metod leczenia opartych na integracji sensorycznej, kt\u00f3re mog\u0105 zwi\u0119ksza\u0107 intensywno\u015b\u0107 i skraca\u0107 czas trwania terapii.<\/p>\n<\/div>\n<\/div><\/div><\/div><\/div><\/div>","protected":false},"excerpt":{"rendered":"<p>S\u0142uchanie jest funkcj\u0105 ca\u0142ego m\u00f3zgu i wykracza daleko poza stymulacj\u0119 systemu s\u0142uchowego. Jest to \u015bwiadome dzia\u0142anie. Aktywne s\u0142uchanie jest dynamiczne i stale si\u0119 dostosowuje. S\u0142uchanie wymaga ch\u0119ci komunikacji oraz zdolno\u015bci skupienia uwagi na okre\u015blonych d\u017awi\u0119kach wybranych do rozr\u00f3\u017cnienia i interpretacji. Osoba aktywnie s\u0142ucha, kieruj\u0105c uwag\u0119 na d\u017awi\u0119ki w otoczeniu przy u\u017cyciu ca\u0142ego cia\u0142a. S\u0142uchanie terapeutyczne<a class=\"more-link\" href=\"https:\/\/ewarycombel.pl\/index.php\/vital-links\/\">Read more  &#10230;<\/a><\/p>\n","protected":false},"author":1,"featured_media":0,"parent":0,"menu_order":0,"comment_status":"closed","ping_status":"closed","template":"","meta":{"footnotes":""},"class_list":["post-192","page","type-page","status-publish","hentry"],"_links":{"self":[{"href":"https:\/\/ewarycombel.pl\/index.php\/wp-json\/wp\/v2\/pages\/192","targetHints":{"allow":["GET"]}}],"collection":[{"href":"https:\/\/ewarycombel.pl\/index.php\/wp-json\/wp\/v2\/pages"}],"about":[{"href":"https:\/\/ewarycombel.pl\/index.php\/wp-json\/wp\/v2\/types\/page"}],"author":[{"embeddable":true,"href":"https:\/\/ewarycombel.pl\/index.php\/wp-json\/wp\/v2\/users\/1"}],"replies":[{"embeddable":true,"href":"https:\/\/ewarycombel.pl\/index.php\/wp-json\/wp\/v2\/comments?post=192"}],"version-history":[{"count":1,"href":"https:\/\/ewarycombel.pl\/index.php\/wp-json\/wp\/v2\/pages\/192\/revisions"}],"predecessor-version":[{"id":193,"href":"https:\/\/ewarycombel.pl\/index.php\/wp-json\/wp\/v2\/pages\/192\/revisions\/193"}],"wp:attachment":[{"href":"https:\/\/ewarycombel.pl\/index.php\/wp-json\/wp\/v2\/media?parent=192"}],"curies":[{"name":"wp","href":"https:\/\/api.w.org\/{rel}","templated":true}]}}